{"id":3568,"date":"2026-03-27T16:16:16","date_gmt":"2026-03-27T15:16:16","guid":{"rendered":"https:\/\/shop-techlearn.avendoo.ch\/trainings\/1-bases-futuremem\/"},"modified":"2026-04-16T15:39:26","modified_gmt":"2026-04-16T13:39:26","slug":"1-bases-futuremem","status":"publish","type":"product","link":"https:\/\/shop-techlearn.avendoo.ch\/fr\/trainings\/1-bases-futuremem\/","title":{"rendered":"1) Bases FUTUREMEM"},"content":{"rendered":"<p>Ce parcours de formation, accessible partout et \u00e0 tout moment, offre, d\u00e8s l&#39;inscription, un acc\u00e8s \u00e0 des vid\u00e9os explicatives concises et \u00e0 des contenus sur la r\u00e9vision professionnelle FUTUREMEM.<\/p>\n","protected":false},"excerpt":{"rendered":"<p>Ce parcours de formation, accessible partout et \u00e0 tout moment, offre, d\u00e8s l&#39;inscription, un acc\u00e8s \u00e0 des vid\u00e9os explicatives concises et \u00e0 des contenus sur la r\u00e9vision professionnelle FUTUREMEM.<\/p>\n","protected":false},"featured_media":3262,"comment_status":"open","ping_status":"closed","template":"","meta":{"_acf_changed":false},"product_brand":[],"product_cat":[],"product_tag":[],"class_list":{"0":"post-3568","1":"product","2":"type-product","3":"status-publish","4":"has-post-thumbnail","7":"first","8":"instock","9":"virtual","10":"purchasable","11":"product-type-simple"},"acf":[],"_links":{"self":[{"href":"https:\/\/shop-techlearn.avendoo.ch\/fr\/wp-json\/wp\/v2\/product\/3568","targetHints":{"allow":["GET"]}}],"collection":[{"href":"https:\/\/shop-techlearn.avendoo.ch\/fr\/wp-json\/wp\/v2\/product"}],"about":[{"href":"https:\/\/shop-techlearn.avendoo.ch\/fr\/wp-json\/wp\/v2\/types\/product"}],"replies":[{"embeddable":true,"href":"https:\/\/shop-techlearn.avendoo.ch\/fr\/wp-json\/wp\/v2\/comments?post=3568"}],"wp:featuredmedia":[{"embeddable":true,"href":"https:\/\/shop-techlearn.avendoo.ch\/fr\/wp-json\/wp\/v2\/media\/3262"}],"wp:attachment":[{"href":"https:\/\/shop-techlearn.avendoo.ch\/fr\/wp-json\/wp\/v2\/media?parent=3568"}],"wp:term":[{"taxonomy":"product_brand","embeddable":true,"href":"https:\/\/shop-techlearn.avendoo.ch\/fr\/wp-json\/wp\/v2\/product_brand?post=3568"},{"taxonomy":"product_cat","embeddable":true,"href":"https:\/\/shop-techlearn.avendoo.ch\/fr\/wp-json\/wp\/v2\/product_cat?post=3568"},{"taxonomy":"product_tag","embeddable":true,"href":"https:\/\/shop-techlearn.avendoo.ch\/fr\/wp-json\/wp\/v2\/product_tag?post=3568"}],"curies":[{"name":"wp","href":"https:\/\/api.w.org\/{rel}","templated":true}]}}